{"id":195,"date":"2020-04-28T20:19:11","date_gmt":"2020-04-28T20:19:11","guid":{"rendered":"http:\/\/persysts.bitappmx.com\/?post_type=product&#038;p=195"},"modified":"2020-04-28T20:21:56","modified_gmt":"2020-04-28T20:21:56","slug":"mantenimiento-a-mini-split","status":"publish","type":"product","link":"http:\/\/persysts.bitappmx.com\/index.php\/producto\/mantenimiento-a-mini-split\/","title":{"rendered":"Mantenimiento a mini-split"},"content":{"rendered":"<p>El servicio incluye limpieza completa del evaporador, condensador y verificaci\u00f3n de par\u00e1metros de operaci\u00f3n.<\/p>\n ","protected":false},"excerpt":{"rendered":"<p>Servicio de mantenimiento a equipo tipo mini-split, realizado con las mejores herramientas.<\/p>\n","protected":false},"featured_media":190,"comment_status":"open","ping_status":"closed","template":"","meta":{"spay_email":"","jetpack_publicize_message":"","jetpack_is_tweetstorm":false},"jetpack_publicize_connections":[],"jetpack_sharing_enabled":true,"jetpack_likes_enabled":true,"_links":{"self":[{"href":"http:\/\/persysts.bitappmx.com\/index.php\/wp-json\/wp\/v2\/product\/195"}],"collection":[{"href":"http:\/\/persysts.bitappmx.com\/index.php\/wp-json\/wp\/v2\/product"}],"about":[{"href":"http:\/\/persysts.bitappmx.com\/index.php\/wp-json\/wp\/v2\/types\/product"}],"replies":[{"embeddable":true,"href":"http:\/\/persysts.bitappmx.com\/index.php\/wp-json\/wp\/v2\/comments?post=195"}],"wp:featuredmedia":[{"embeddable":true,"href":"http:\/\/persysts.bitappmx.com\/index.php\/wp-json\/wp\/v2\/media\/190"}],"wp:attachment":[{"href":"http:\/\/persysts.bitappmx.com\/index.php\/wp-json\/wp\/v2\/media?parent=195"}],"curies":[{"name":"wp","href":"https:\/\/api.w.org\/{rel}","templated":true}]}}