{"id":185,"date":"2020-03-25T19:50:46","date_gmt":"2020-03-25T19:50:46","guid":{"rendered":"http:\/\/persysts.bitappmx.com\/?post_type=product&#038;p=185"},"modified":"2020-04-28T20:22:58","modified_gmt":"2020-04-28T20:22:58","slug":"detector-de-humo","status":"publish","type":"product","link":"http:\/\/persysts.bitappmx.com\/index.php\/producto\/detector-de-humo\/","title":{"rendered":"Detector de humo dom\u00e9stico"},"content":{"rendered":"<p>Protege tu hogar de posibles incendios 24\/7 365 d\u00edas del a\u00f1o Detector b\u00e1sico con una fuerte alarma que se oye en toda la habitaci\u00f3n.<\/p>\n ","protected":false},"excerpt":{"rendered":"<p>Detector b\u00e1sico, incluye instalaci\u00f3n y pruebas de funcionamiento<\/p>\n","protected":false},"featured_media":90,"comment_status":"open","ping_status":"closed","template":"","meta":{"spay_email":"","jetpack_publicize_message":"","jetpack_is_tweetstorm":false},"jetpack_publicize_connections":[],"jetpack_sharing_enabled":true,"jetpack_likes_enabled":true,"_links":{"self":[{"href":"http:\/\/persysts.bitappmx.com\/index.php\/wp-json\/wp\/v2\/product\/185"}],"collection":[{"href":"http:\/\/persysts.bitappmx.com\/index.php\/wp-json\/wp\/v2\/product"}],"about":[{"href":"http:\/\/persysts.bitappmx.com\/index.php\/wp-json\/wp\/v2\/types\/product"}],"replies":[{"embeddable":true,"href":"http:\/\/persysts.bitappmx.com\/index.php\/wp-json\/wp\/v2\/comments?post=185"}],"wp:featuredmedia":[{"embeddable":true,"href":"http:\/\/persysts.bitappmx.com\/index.php\/wp-json\/wp\/v2\/media\/90"}],"wp:attachment":[{"href":"http:\/\/persysts.bitappmx.com\/index.php\/wp-json\/wp\/v2\/media?parent=185"}],"curies":[{"name":"wp","href":"https:\/\/api.w.org\/{rel}","templated":true}]}}