{"id":9,"date":"2019-10-11T19:49:45","date_gmt":"2019-10-11T19:49:45","guid":{"rendered":"http:\/\/persysts.bitappmx.com\/?page_id=9"},"modified":"2020-03-12T19:36:54","modified_gmt":"2020-03-12T19:36:54","slug":"nosotros","status":"publish","type":"page","link":"http:\/\/persysts.bitappmx.com\/index.php\/nosotros\/","title":{"rendered":"Sobre Nosotros"},"content":{"rendered":"\n<p>PerSysts es una empresa dedicada a ofrecer soluciones tecnol\u00f3gicas en diferentes \u00e1reas para todo tipo de negocios y hogares. Ofrecemos servicios tales como:<\/p>\n\n\n\n<ul><li>C\u00e1maras de seguridad.<\/li><li>Detecci\u00f3n de humo.<\/li><li>Controles de acceso.<\/li><li>Desarrollo de Apps y Sitios web.<\/li><li>Aire Acondicionado.<\/li><li>Electricidad.<\/li><li>Entre otros muchos servicios mas.<\/li><\/ul>\n\n\n\n<p>No dude en contactarnos para mas informaci\u00f3n.<\/p>\n\n\n\n<p><\/p>\n\n\n\n<p style=\"text-align:left\"><strong>Cableado Estructurado.<\/strong><\/p>\n\n\n\n<p>Ofrecemos soluciones en cableado estructurado para su negocio u hogar.<\/p>\n\n\n\n<figure class=\"wp-block-image is-resized\"><img loading=\"lazy\" src=\"http:\/\/persysts.bitappmx.com\/wp-content\/uploads\/2019\/10\/IMG_20191005_203355-1.jpg\" alt=\"\" class=\"wp-image-30\" width=\"583\" height=\"583\"\/><\/figure>\n\n\n\n<p><strong>Detecci\u00f3n de humo.<\/strong><\/p>\n\n\n\n<p>Dedicados a la seguridad en edificios como Sistemas de Detecci\u00f3n de Humo y de Supresi\u00f3n de Incendios con agente limpio (Mantenimiento e Instalaci\u00f3n).<\/p>\n\n\n\n<figure class=\"wp-block-image\"><img loading=\"lazy\" width=\"1000\" height=\"678\" src=\"http:\/\/persysts.bitappmx.com\/wp-content\/uploads\/2020\/03\/deteccion-de-humo.jpg\" alt=\"\" class=\"wp-image-90\"\/><\/figure>\n\n\n\n<p><strong>Sistemas de Control de acceso<\/strong>.<\/p>\n\n\n\n<p style=\"text-align:left\">Automatice su hogar o negocio con controles de accesos, que le permitir\u00e1n decidir a que personas puede otorgar accesos hacia alg\u00fan \u00e1rea de seguridad o simplemente si necesita que sus accesos principales sean m\u00e1s seguros. Tenemos una soluci\u00f3n.<\/p>\n\n\n\n<figure class=\"wp-block-image\"><img loading=\"lazy\" width=\"1766\" height=\"1179\" src=\"http:\/\/persysts.bitappmx.com\/wp-content\/uploads\/2019\/10\/control.jpg\" alt=\"\" class=\"wp-image-37\"\/><\/figure>\n\n\n\n<p><strong>Instalaci\u00f3n de C\u00e1maras de Seguridad<\/strong>.<\/p>\n\n\n\n<p>Las c\u00e1maras de seguridad le permitir\u00e1n tener mas confianza respecto a sus bienes inmuebles o simplemente si desea estar mas protegido ante personas no deseadas, tenemos la mejor soluci\u00f3n para usted.<\/p>\n\n\n\n<figure class=\"wp-block-image is-resized\"><img loading=\"lazy\" src=\"http:\/\/persysts.bitappmx.com\/wp-content\/uploads\/2019\/10\/camara.jpg\" alt=\"\" class=\"wp-image-38\" width=\"647\" height=\"431\"\/><\/figure>\n\n\n\n<p><strong>Desarrollo de software.<\/strong><\/p>\n\n\n\n<p>Desarrollamos software echos a la medida de sus requerimientos, tanto Web y M\u00f3vil (Apps). El equipo de desarrolladores de Personal Systems est\u00e1n preparados para ofrecerle la mejor soluci\u00f3n.<\/p>\n\n\n\n<figure class=\"wp-block-image\"><img loading=\"lazy\" width=\"1170\" height=\"550\" src=\"http:\/\/persysts.bitappmx.com\/wp-content\/uploads\/2019\/10\/sistema.png\" alt=\"\" class=\"wp-image-40\"\/><\/figure>\n\n\n\n<p><strong>Aire Acondicionado y El\u00e9ctrico.<\/strong><\/p>\n\n\n\n<p>Nuestro equipo de profesionales le ayudar\u00e1n a corregir cualquier problema de sus equipos de Aire Acondicionado, sea dom\u00e9stico o industrial, as\u00ed mismo est\u00e1n preparados para ofrecer soluciones el\u00e9ctricas. No dude en contactar a los expertos.<\/p>\n\n\n\n<figure class=\"wp-block-image\"><img loading=\"lazy\" width=\"2424\" height=\"943\" src=\"http:\/\/persysts.bitappmx.com\/wp-content\/uploads\/2020\/03\/aire-acondicionado.jpg\" alt=\"\" class=\"wp-image-89\"\/><\/figure>\n\n\n\n<link rel=\"stylesheet\" href=\"http:\/\/persysts.bitappmx.com\/img\/styles.css\">\n<section class=\"contenedor seccion\">\n<div class=\"icono-nosotros\">\n<div class=\"icono\">\n<a href=\"http:\/\/whatsapp.bitappmx.com\"><img src=\"http:\/\/persysts.bitappmx.com\/img\/whatsapp.png\" alt=\"Icono whatsapp\">\n<h3>Escr\u00edbenos<\/h3>\n<\/a>\n<\/div>\n\n<div class=\"icono\">\n<a href=\"tel:9621145995\"><img src=\"http:\/\/persysts.bitappmx.com\/img\/phone.png\" alt=\"Icono whatsapp\">\n<h3>LL\u00e1manos<\/h3>\n<\/a>\n<\/div>\n<\/div>\n<\/section>\n ","protected":false},"excerpt":{"rendered":"<p>PerSysts es una empresa dedicada a ofrecer soluciones tecnol\u00f3gicas en diferentes \u00e1reas para todo tipo de negocios y hogares. Ofrecemos servicios tales como: C\u00e1maras de seguridad. Detecci\u00f3n de humo. Controles de acceso. Desarrollo de Apps y Sitios web. Aire Acondicionado. Electricidad. Entre otros muchos servicios mas. No dude en contactarnos [&hellip;]<\/p>\n","protected":false},"author":1,"featured_media":0,"parent":0,"menu_order":0,"comment_status":"closed","ping_status":"closed","template":"","meta":{"spay_email":""},"jetpack_sharing_enabled":true,"jetpack_likes_enabled":true,"_links":{"self":[{"href":"http:\/\/persysts.bitappmx.com\/index.php\/wp-json\/wp\/v2\/pages\/9"}],"collection":[{"href":"http:\/\/persysts.bitappmx.com\/index.php\/wp-json\/wp\/v2\/pages"}],"about":[{"href":"http:\/\/persysts.bitappmx.com\/index.php\/wp-json\/wp\/v2\/types\/page"}],"author":[{"embeddable":true,"href":"http:\/\/persysts.bitappmx.com\/index.php\/wp-json\/wp\/v2\/users\/1"}],"replies":[{"embeddable":true,"href":"http:\/\/persysts.bitappmx.com\/index.php\/wp-json\/wp\/v2\/comments?post=9"}],"version-history":[{"count":16,"href":"http:\/\/persysts.bitappmx.com\/index.php\/wp-json\/wp\/v2\/pages\/9\/revisions"}],"predecessor-version":[{"id":115,"href":"http:\/\/persysts.bitappmx.com\/index.php\/wp-json\/wp\/v2\/pages\/9\/revisions\/115"}],"wp:attachment":[{"href":"http:\/\/persysts.bitappmx.com\/index.php\/wp-json\/wp\/v2\/media?parent=9"}],"curies":[{"name":"wp","href":"https:\/\/api.w.org\/{rel}","templated":true}]}}