{"id":18,"date":"2019-10-11T19:55:47","date_gmt":"2019-10-11T19:55:47","guid":{"rendered":"http:\/\/persysts.bitappmx.com\/?page_id=18"},"modified":"2020-03-12T19:38:37","modified_gmt":"2020-03-12T19:38:37","slug":"contacto","status":"publish","type":"page","link":"http:\/\/persysts.bitappmx.com\/index.php\/contacto\/","title":{"rendered":"Contacto"},"content":{"rendered":"\n<p>Puede contactarnos con la siguiente informaci\u00f3n.<\/p>\n\n\n\n<link rel=\"stylesheet\" href=\"http:\/\/persysts.bitappmx.com\/img\/styles.css\">\n<section class=\"contenedor seccion\">\n<div class=\"icono-nosotros\">\n<div class=\"icono\">\n<a href=\"http:\/\/whatsapp.bitappmx.com\"><img src=\"http:\/\/persysts.bitappmx.com\/img\/whatsapp.png\" alt=\"Icono whatsapp\">\n<h3>Escr\u00edbenos<\/h3>\n<\/a>\n<\/div>\n\n<div class=\"icono\">\n<a href=\"tel:9621145995\"><img src=\"http:\/\/persysts.bitappmx.com\/img\/phone.png\" alt=\"Icono whatsapp\">\n<h3>LL\u00e1manos<\/h3>\n<\/a>\n<\/div>\n<\/div>\n<\/section>\n\n\n\n<p><\/p>\n ","protected":false},"excerpt":{"rendered":"<p>Puede contactarnos con la siguiente informaci\u00f3n. Escr\u00edbenos LL\u00e1manos<\/p>\n","protected":false},"author":1,"featured_media":0,"parent":0,"menu_order":0,"comment_status":"closed","ping_status":"closed","template":"","meta":{"spay_email":""},"jetpack_sharing_enabled":true,"jetpack_likes_enabled":true,"_links":{"self":[{"href":"http:\/\/persysts.bitappmx.com\/index.php\/wp-json\/wp\/v2\/pages\/18"}],"collection":[{"href":"http:\/\/persysts.bitappmx.com\/index.php\/wp-json\/wp\/v2\/pages"}],"about":[{"href":"http:\/\/persysts.bitappmx.com\/index.php\/wp-json\/wp\/v2\/types\/page"}],"author":[{"embeddable":true,"href":"http:\/\/persysts.bitappmx.com\/index.php\/wp-json\/wp\/v2\/users\/1"}],"replies":[{"embeddable":true,"href":"http:\/\/persysts.bitappmx.com\/index.php\/wp-json\/wp\/v2\/comments?post=18"}],"version-history":[{"count":3,"href":"http:\/\/persysts.bitappmx.com\/index.php\/wp-json\/wp\/v2\/pages\/18\/revisions"}],"predecessor-version":[{"id":116,"href":"http:\/\/persysts.bitappmx.com\/index.php\/wp-json\/wp\/v2\/pages\/18\/revisions\/116"}],"wp:attachment":[{"href":"http:\/\/persysts.bitappmx.com\/index.php\/wp-json\/wp\/v2\/media?parent=18"}],"curies":[{"name":"wp","href":"https:\/\/api.w.org\/{rel}","templated":true}]}}