{"id":17,"date":"2019-10-11T19:55:47","date_gmt":"2019-10-11T19:55:47","guid":{"rendered":"http:\/\/persysts.bitappmx.com\/?page_id=17"},"modified":"2020-03-12T19:35:50","modified_gmt":"2020-03-12T19:35:50","slug":"servicios","status":"publish","type":"page","link":"http:\/\/persysts.bitappmx.com\/index.php\/servicios\/","title":{"rendered":"Servicios"},"content":{"rendered":"\n<p>Instalaci\u00f3n, mantenimiento preventivo y\/o correctivo de los siguientes servicios:<\/p>\n\n\n\n<p><\/p>\n\n\n\n<ul><li>Sistemas de videovigilancia.<\/li><li>Seguridad perimetral (concertinas y cercas el\u00e9ctricas).<\/li><li>Sistemas de intrusi\u00f3n (alarmas residenciales).<\/li><li>Sistemas de detecci\u00f3n de humo.<\/li><li>Sistemas de control de acceso.<\/li><li>Desarrollo Web y M\u00f3vil multiplataforma (Android, iOS).<\/li><li>Aire acondicionado dom\u00e9stico, comercial e industrial.<\/li><li>Electricidad.<\/li><li>Entre otros muchos servicios.<\/li><\/ul>\n\n\n\n<p>Los mejores especialistas de la zona<\/p>\n\n\n\n<link rel=\"stylesheet\" href=\"http:\/\/persysts.bitappmx.com\/img\/styles.css\">\n<section class=\"contenedor seccion\">\n<div class=\"icono-nosotros\">\n<div class=\"icono\">\n<a href=\"http:\/\/whatsapp.bitappmx.com\"><img src=\"http:\/\/persysts.bitappmx.com\/img\/whatsapp.png\" alt=\"Icono whatsapp\">\n<h3>Escr\u00edbenos<\/h3>\n<\/a>\n<\/div>\n\n<div class=\"icono\">\n<a href=\"tel:9621145995\"><img src=\"http:\/\/persysts.bitappmx.com\/img\/phone.png\" alt=\"Icono whatsapp\">\n<h3>LL\u00e1manos<\/h3>\n<\/a>\n<\/div>\n<\/div>\n<\/section>\n\n\n\n<p><\/p>\n ","protected":false},"excerpt":{"rendered":"<p>Instalaci\u00f3n, mantenimiento preventivo y\/o correctivo de los siguientes servicios: Sistemas de videovigilancia. Seguridad perimetral (concertinas y cercas el\u00e9ctricas). Sistemas de intrusi\u00f3n (alarmas residenciales). Sistemas de detecci\u00f3n de humo. Sistemas de control de acceso. Desarrollo Web y M\u00f3vil multiplataforma (Android, iOS). Aire acondicionado dom\u00e9stico, comercial e industrial. Electricidad. Entre otros muchos [&hellip;]<\/p>\n","protected":false},"author":1,"featured_media":0,"parent":0,"menu_order":0,"comment_status":"closed","ping_status":"closed","template":"","meta":{"spay_email":""},"jetpack_sharing_enabled":true,"jetpack_likes_enabled":true,"_links":{"self":[{"href":"http:\/\/persysts.bitappmx.com\/index.php\/wp-json\/wp\/v2\/pages\/17"}],"collection":[{"href":"http:\/\/persysts.bitappmx.com\/index.php\/wp-json\/wp\/v2\/pages"}],"about":[{"href":"http:\/\/persysts.bitappmx.com\/index.php\/wp-json\/wp\/v2\/types\/page"}],"author":[{"embeddable":true,"href":"http:\/\/persysts.bitappmx.com\/index.php\/wp-json\/wp\/v2\/users\/1"}],"replies":[{"embeddable":true,"href":"http:\/\/persysts.bitappmx.com\/index.php\/wp-json\/wp\/v2\/comments?post=17"}],"version-history":[{"count":20,"href":"http:\/\/persysts.bitappmx.com\/index.php\/wp-json\/wp\/v2\/pages\/17\/revisions"}],"predecessor-version":[{"id":114,"href":"http:\/\/persysts.bitappmx.com\/index.php\/wp-json\/wp\/v2\/pages\/17\/revisions\/114"}],"wp:attachment":[{"href":"http:\/\/persysts.bitappmx.com\/index.php\/wp-json\/wp\/v2\/media?parent=17"}],"curies":[{"name":"wp","href":"https:\/\/api.w.org\/{rel}","templated":true}]}}